{"id":2,"date":"2023-03-27T09:45:23","date_gmt":"2023-03-27T06:45:23","guid":{"rendered":"http:\/\/www.nurakcam.com\/?page_id=2"},"modified":"2023-03-27T10:37:40","modified_gmt":"2023-03-27T07:37:40","slug":"ornek-sayfa","status":"publish","type":"page","link":"https:\/\/www.nurakcam.com\/?page_id=2","title":{"rendered":"Hakk\u0131mda"},"content":{"rendered":"\n<p><strong>\u0130\u015fkad\u0131n\u0131 ve Cinsiyet Ayr\u0131m\u0131 Kar\u015f\u0131t\u0131 Politikalar savunucusu<\/strong><\/p>\n\n\n\n<p><strong>Tansel Ak\u00e7am\u2019\u0131n e\u015fi ve Defne\u2019nin annesi.<\/strong><\/p>\n\n\n\n<p><strong><u>EG\u0130T\u0130M<\/u><\/strong><\/p>\n\n\n\n<p>2009&nbsp;&nbsp;&nbsp;&nbsp;&nbsp;&nbsp;&nbsp;&nbsp;&nbsp;&nbsp;&nbsp;&nbsp;&nbsp;&nbsp;&nbsp;&nbsp;&nbsp;&nbsp;&nbsp;&nbsp;&nbsp;&nbsp;&nbsp;&nbsp;&nbsp;&nbsp; T\u00fcrk D\u0131\u015fticaret Vakf\u0131 D\u0131\u015f Ticaret Uzmanl\u0131\u011f\u0131 E\u011fitimi<\/p>\n\n\n\n<p>2007&nbsp;&nbsp;&nbsp;&nbsp;&nbsp;&nbsp;&nbsp;&nbsp;&nbsp;&nbsp;&nbsp;&nbsp;&nbsp;&nbsp;&nbsp;&nbsp;&nbsp;&nbsp;&nbsp;&nbsp;&nbsp;&nbsp;&nbsp;&nbsp;&nbsp;&nbsp; Ankara \u00dcniversitesi Gayrimenkul De\u011ferlenme Uzmanl\u0131\u011f\u0131 E\u011fitimi<\/p>\n\n\n\n<p>2002&nbsp;&nbsp;&nbsp;&nbsp;&nbsp;&nbsp;&nbsp;&nbsp;&nbsp;&nbsp;&nbsp;&nbsp;&nbsp;&nbsp;&nbsp;&nbsp;&nbsp;&nbsp;&nbsp;&nbsp;&nbsp;&nbsp;&nbsp;&nbsp;&nbsp;&nbsp; Boston \u00dcniversitesi \u0130ngiliz Dil E\u011fitimi, ABD<\/p>\n\n\n\n<p>1996- 2001&nbsp;&nbsp;&nbsp;&nbsp;&nbsp;&nbsp;&nbsp;&nbsp;&nbsp;&nbsp;&nbsp;&nbsp;&nbsp;&nbsp;&nbsp;&nbsp; Ankara \u00dcniversitesi Dil Tarih Co\u011frafya Fak\u00fcltesi Sosyal Antropoloji B\u00f6l\u00fcm\u00fc<\/p>\n\n\n\n<ul class=\"wp-block-list\">\n<li>Bitirme tezi: \u201cSiyasi D\u00fc\u015f\u00fcncelerin Medya Tercilerindeki Etkisi\u201d<\/li>\n<\/ul>\n\n\n\n<p>1996&nbsp;&nbsp;&nbsp;&nbsp;&nbsp;&nbsp;&nbsp;&nbsp;&nbsp;&nbsp;&nbsp;&nbsp;&nbsp;&nbsp;&nbsp;&nbsp;&nbsp;&nbsp;&nbsp;&nbsp;&nbsp;&nbsp;&nbsp;&nbsp;&nbsp;&nbsp; Aksaray Anadolu Lisesi<\/p>\n\n\n\n<p><strong><u>YABANCI D\u0130L<\/u><\/strong><\/p>\n\n\n\n<p>\u0130ngilizce&nbsp;<\/p>\n\n\n\n<p><em>Okuma: \u00c7ok iyi&nbsp;&nbsp;&nbsp;&nbsp; Yazma: \u00c7ok iyi&nbsp;&nbsp;&nbsp;&nbsp;&nbsp; Konu\u015fma:&nbsp; \u00c7ok iyi&nbsp;<\/em><\/p>\n\n\n\n<p><strong><u>\u0130\u015e DENEY\u0130M\u0130<\/u><\/strong><\/p>\n\n\n\n<p>2019-&nbsp;&nbsp;&nbsp;&nbsp;&nbsp;&nbsp;&nbsp;&nbsp;&nbsp;&nbsp;&nbsp;&nbsp;&nbsp;&nbsp;&nbsp;&nbsp;&nbsp;&nbsp;&nbsp;&nbsp;&nbsp;&nbsp;&nbsp;&nbsp;&nbsp; Payla\u015f\u0131ml\u0131 Ortak, Remax Gayrimenkul Yat\u0131r\u0131m<\/p>\n\n\n\n<p>2016-2020&nbsp;&nbsp;&nbsp;&nbsp;&nbsp;&nbsp;&nbsp;&nbsp;&nbsp;&nbsp;&nbsp;&nbsp;&nbsp;&nbsp;&nbsp;&nbsp;&nbsp; Nurun G\u0131da Kurucu Orta\u011f\u0131<\/p>\n\n\n\n<p>2007- 2016&nbsp;&nbsp;&nbsp;&nbsp;&nbsp;&nbsp;&nbsp;&nbsp;&nbsp;&nbsp;&nbsp;&nbsp;&nbsp;&nbsp;&nbsp;&nbsp; Qrabiye Butik Pastane Sahibi ve \u0130\u015fletmecisi<\/p>\n\n\n\n<p>2003-2007 &nbsp;&nbsp;&nbsp;&nbsp;&nbsp;&nbsp;&nbsp;&nbsp;&nbsp;&nbsp;&nbsp;&nbsp;&nbsp;&nbsp;&nbsp;&nbsp; Dunlop Lastik Ankara Bayisi<\/p>\n\n\n\n<ul class=\"wp-block-list\">\n<li>Erkek egemen sekt\u00f6rdeki ilk kad\u0131n bayiler aras\u0131nda yer ald\u0131<\/li>\n<\/ul>\n\n\n\n<p>Temmuz 2001 &nbsp;&nbsp;&nbsp;&nbsp;&nbsp;&nbsp;&nbsp;&nbsp;&nbsp;&nbsp; Stajyer, Anavatan Partisi Bas\u0131n \u0130leti\u015fim Ba\u015fkanl\u0131\u011f\u0131<\/p>\n\n\n\n<p><strong><u>S\u0130V\u0130L TOPLUM KURULU\u015eLARINDAK\u0130 &nbsp;\u00c7ALI\u015eMALARI<\/u><\/strong><\/p>\n\n\n\n<p>Engelli kad\u0131nlar ile ilgili \u00e7al\u0131\u015fmalarda &nbsp;g\u00f6n\u00fcll\u00fc yer ald\u0131.<\/p>\n\n\n\n<p>Kad\u0131n giri\u015fimcili\u011fe ile ilgili sempozyum ve panellere kat\u0131ld\u0131.<\/p>\n\n\n\n<p>Kamu ihalelerinde kad\u0131n giri\u015fimcilerin kat\u0131l\u0131m\u0131n\u0131 kolayla\u015ft\u0131r\u0131c\u0131 ANK\u0130GAD i\u00e7inde \u00e7al\u0131\u015fmalara kat\u0131ld\u0131.<\/p>\n\n\n\n<p>Sosyal yard\u0131m projelerinde aktif kat\u0131l\u0131m g\u00f6sterdi.<\/p>\n\n\n\n<p><strong><u>\u00dcYEL\u0130KLER VE \u00d6D\u00dcLLER<\/u><\/strong><\/p>\n\n\n\n<p>2020- &nbsp;&nbsp;&nbsp;&nbsp;&nbsp;&nbsp;&nbsp;&nbsp;&nbsp;&nbsp;&nbsp;&nbsp; Giri\u015fimci \u0130\u015f Kad\u0131nlar\u0131 Derne\u011fi (ANK\u0130GAD) Toplumsal Cinsiyet E\u015fitli\u011fi \u00dcyesi<\/p>\n\n\n\n<p>2022 &nbsp;&nbsp;&nbsp;&nbsp;&nbsp;&nbsp;&nbsp;&nbsp;&nbsp;&nbsp;&nbsp;&nbsp;&nbsp;&nbsp; Remax T\u00fcrkiye\u2019de en \u00e7ok payla\u015f\u0131ml\u0131 ortak i\u015f yapan gayrimenkul dan\u0131\u015fman\u0131 \u00f6d\u00fcl\u00fc<\/p>\n\n\n\n<p><\/p>\n\n\n\n<p><\/p>\n\n\n\n<p><\/p>\n\n\n\n<p><\/p>\n\n\n\n<blockquote class=\"wp-block-quote is-layout-flow wp-block-quote-is-layout-flow\">\n<p><\/p>\n<\/blockquote>\n","protected":false},"excerpt":{"rendered":"<p>\u0130\u015fkad\u0131n\u0131 ve Cinsiyet Ayr\u0131m\u0131 Kar\u015f\u0131t\u0131 Politikalar savunucusu Tansel Ak\u00e7am\u2019\u0131n e\u015fi ve Defne\u2019nin annesi. EG\u0130T\u0130M 2009&nbsp;&nbsp;&nbsp;&nbsp;&nbsp;&nbsp;&nbsp;&nbsp;&nbsp;&nbsp;&nbsp;&nbsp;&nbsp;&nbsp;&nbsp;&nbsp;&nbsp;&nbsp;&nbsp;&nbsp;&nbsp;&nbsp;&nbsp;&nbsp;&nbsp;&nbsp; T\u00fcrk D\u0131\u015fticaret Vakf\u0131 D\u0131\u015f Ticaret Uzmanl\u0131\u011f\u0131 E\u011fitimi 2007&nbsp;&nbsp;&nbsp;&nbsp;&nbsp;&nbsp;&nbsp;&nbsp;&nbsp;&nbsp;&nbsp;&nbsp;&nbsp;&nbsp;&nbsp;&nbsp;&nbsp;&nbsp;&nbsp;&nbsp;&nbsp;&nbsp;&nbsp;&nbsp;&nbsp;&nbsp; Ankara \u00dcniversitesi Gayrimenkul De\u011ferlenme Uzmanl\u0131\u011f\u0131 E\u011fitimi 2002&nbsp;&nbsp;&nbsp;&nbsp;&nbsp;&nbsp;&nbsp;&nbsp;&nbsp;&nbsp;&nbsp;&nbsp;&nbsp;&nbsp;&nbsp;&nbsp;&nbsp;&nbsp;&nbsp;&nbsp;&nbsp;&nbsp;&nbsp;&nbsp;&nbsp;&nbsp; Boston \u00dcniversitesi \u0130ngiliz Dil E\u011fitimi, ABD 1996- 2001&nbsp;&nbsp;&nbsp;&nbsp;&nbsp;&nbsp;&nbsp;&nbsp;&nbsp;&nbsp;&nbsp;&nbsp;&nbsp;&nbsp;&nbsp;&nbsp; Ankara \u00dcniversitesi Dil Tarih Co\u011frafya Fak\u00fcltesi Sosyal Antropoloji B\u00f6l\u00fcm\u00fc 1996&nbsp;&nbsp;&nbsp;&nbsp;&nbsp;&nbsp;&nbsp;&nbsp;&nbsp;&nbsp;&nbsp;&nbsp;&nbsp;&nbsp;&nbsp;&nbsp;&nbsp;&nbsp;&nbsp;&nbsp;&nbsp;&nbsp;&nbsp;&nbsp;&nbsp;&nbsp; Aksaray Anadolu Lisesi YABANCI D\u0130L \u0130ngilizce&nbsp; Okuma: [&hellip;]<\/p>\n","protected":false},"author":1,"featured_media":0,"parent":0,"menu_order":0,"comment_status":"closed","ping_status":"open","template":"","meta":{"footnotes":""},"class_list":["post-2","page","type-page","status-publish","hentry"],"_links":{"self":[{"href":"https:\/\/www.nurakcam.com\/index.php?rest_route=\/wp\/v2\/pages\/2","targetHints":{"allow":["GET"]}}],"collection":[{"href":"https:\/\/www.nurakcam.com\/index.php?rest_route=\/wp\/v2\/pages"}],"about":[{"href":"https:\/\/www.nurakcam.com\/index.php?rest_route=\/wp\/v2\/types\/page"}],"author":[{"embeddable":true,"href":"https:\/\/www.nurakcam.com\/index.php?rest_route=\/wp\/v2\/users\/1"}],"replies":[{"embeddable":true,"href":"https:\/\/www.nurakcam.com\/index.php?rest_route=%2Fwp%2Fv2%2Fcomments&post=2"}],"version-history":[{"count":3,"href":"https:\/\/www.nurakcam.com\/index.php?rest_route=\/wp\/v2\/pages\/2\/revisions"}],"predecessor-version":[{"id":20,"href":"https:\/\/www.nurakcam.com\/index.php?rest_route=\/wp\/v2\/pages\/2\/revisions\/20"}],"wp:attachment":[{"href":"https:\/\/www.nurakcam.com\/index.php?rest_route=%2Fwp%2Fv2%2Fmedia&parent=2"}],"curies":[{"name":"wp","href":"https:\/\/api.w.org\/{rel}","templated":true}]}}